{"id":2744,"date":"2023-12-15T17:37:55","date_gmt":"2023-12-15T16:37:55","guid":{"rendered":"https:\/\/www.fontedizeno.com\/casa-di-babbo-natale\/"},"modified":"2023-12-22T16:30:08","modified_gmt":"2023-12-22T15:30:08","slug":"haus-vom-weihnachtsmann","status":"publish","type":"page","link":"https:\/\/www.fontedizeno.com\/de\/haus-vom-weihnachtsmann\/","title":{"rendered":"Haus vom Weihnachtsmann"},"content":{"rendered":"<div class=\"fusion-fullwidth fullwidth-box fusion-builder-row-1 nonhundred-percent-fullwidth non-hundred-percent-height-scrolling\" style=\"--awb-border-radius-top-left:0px;--awb-border-radius-top-right:0px;--awb-border-radius-bottom-right:0px;--awb-border-radius-bottom-left:0px;--awb-flex-wrap:wrap;\" ><div class=\"fusion-builder-row fusion-row\"><div class=\"fusion-layout-column fusion_builder_column fusion-builder-column-0 fusion_builder_column_1_1 1_1 fusion-one-full fusion-column-first fusion-column-last\" style=\"--awb-bg-size:cover;\"><div class=\"fusion-column-wrapper fusion-flex-column-wrapper-legacy\"><div class=\"fusion-text fusion-text-1\"><h1 style=\"text-align: center; text-transform:uppercase;\">Haus vom Weihnachtsmann<\/h1>\n<\/div><div class=\"fusion-sep-clear\"><\/div><div class=\"fusion-separator\" style=\"margin-left: auto;margin-right: auto;margin-top:0px;margin-bottom:30px;width:100%;max-width:170px;\"><div class=\"fusion-separator-border sep-single sep-solid\" style=\"--awb-height:20px;--awb-amount:20px;--awb-sep-color:#000000;border-color:#000000;border-top-width:1px;\"><\/div><\/div><div class=\"fusion-sep-clear\"><\/div><div class=\"fusion-text fusion-text-2\"><h3>Beschenken Sie sich mit der Magie von Weihnachten<\/h3>\n<\/div><div class=\"fusion-text fusion-text-3\"><p>Entdecken Sie das Haus des Weihnachtsmanns auf der Insel Elba Wenn Sie vom 1. Dezember bis zum 7. Januar auf dem Bauernhof Fonte di Zeno auf der Insel Elba \u00fcbernachten, haben Sie die M\u00f6glichkeit, das Haus des Weihnachtsmanns zu besuchen und im Festsaal zu Abend zu essen und zu fr\u00fchst\u00fccken!<\/p>\n<\/div><div class=\"fusion-clearfix\"><\/div><\/div><\/div><div class=\"fusion-layout-column fusion_builder_column fusion-builder-column-1 fusion_builder_column_1_1 1_1 fusion-one-full fusion-column-first fusion-column-last fusion-column-no-min-height\" style=\"--awb-bg-size:cover;--awb-margin-bottom:0px;\"><div class=\"fusion-column-wrapper fusion-flex-column-wrapper-legacy\"><div class=\"fusion-sep-clear\"><\/div><div class=\"fusion-separator fusion-full-width-sep\" style=\"margin-left: auto;margin-right: auto;margin-top:20px;width:100%;max-width:100%;\"><\/div><div class=\"fusion-sep-clear\"><\/div><div class=\"fusion-clearfix\"><\/div><\/div><\/div><div class=\"fusion-layout-column fusion_builder_column fusion-builder-column-2 fusion_builder_column_1_1 1_1 fusion-one-full fusion-column-first fusion-column-last fusion-column-no-min-height\" style=\"--awb-bg-size:cover;--awb-margin-bottom:0px;\"><div class=\"fusion-column-wrapper fusion-flex-column-wrapper-legacy\"><div class=\"fusion-image-carousel fusion-image-carousel-auto fusion-image-carousel-1 lightbox-enabled\"><div class=\"awb-carousel awb-swiper awb-swiper-carousel awb-carousel--carousel awb-swiper-dots-position-bottom\" data-layout=\"carousel\" data-autoplay=\"no\" data-autoplayspeed=\"2500\" data-autoplaypause=\"no\" data-columns=\"4\" data-columnsmedium=\"1\" data-columnssmall=\"1\" data-itemmargin=\"13\" data-itemwidth=\"180\" data-touchscroll=\"no\" data-freemode=\"no\" data-imagesize=\"auto\" data-scrollitems=\"1\" data-centeredslides=\"no\" data-rotationangle=\"50\" data-depth=\"100\" data-speed=\"500\" data-shadow=\"no\" data-pagination=\"bullets\" style=\"--awb-columns:4;\"><div class=\"swiper-wrapper awb-image-carousel-wrapper fusion-flex-align-items-center\"><div class=\"swiper-slide\"><div class=\"fusion-carousel-item-wrapper\"><div class=\"fusion-image-wrapper hover-type-zoomin\"><a data-rel=\"iLightbox[image_carousel_1]\" data-title=\"gallery_babbo_natale_07\" aria-label=\"gallery_babbo_natale_07\" href=\"https:\/\/www.fontedizeno.com\/wp-content\/uploads\/gallery_babbo_natale_07.jpg\" target=\"_self\"><img decoding=\"async\" width=\"1200\" height=\"800\" src=\"https:\/\/www.fontedizeno.com\/wp-content\/uploads\/gallery_babbo_natale_07.jpg\" class=\"attachment-full size-full\" alt=\"Camere Fonte di Zeno\" srcset=\"https:\/\/www.fontedizeno.com\/wp-content\/uploads\/gallery_babbo_natale_07-200x133.jpg 200w, https:\/\/www.fontedizeno.com\/wp-content\/uploads\/gallery_babbo_natale_07-400x267.jpg 400w, https:\/\/www.fontedizeno.com\/wp-content\/uploads\/gallery_babbo_natale_07-600x400.jpg 600w, https:\/\/www.fontedizeno.com\/wp-content\/uploads\/gallery_babbo_natale_07-800x533.jpg 800w, https:\/\/www.fontedizeno.com\/wp-content\/uploads\/gallery_babbo_natale_07.jpg 1200w\" sizes=\"(min-width: 2200px) 100vw, (min-width: 915px) 283px, (min-width: 824px) 377px, (min-width: 732px) 566px, (min-width: 640px) 732px, \" \/><\/a><\/div><\/div><\/div><div class=\"swiper-slide\"><div class=\"fusion-carousel-item-wrapper\"><div class=\"fusion-image-wrapper hover-type-zoomin\"><a data-rel=\"iLightbox[image_carousel_1]\" data-title=\"gallery_babbo_natale_06\" aria-label=\"gallery_babbo_natale_06\" href=\"https:\/\/www.fontedizeno.com\/wp-content\/uploads\/gallery_babbo_natale_06.jpg\" target=\"_self\"><img decoding=\"async\" width=\"1200\" height=\"800\" src=\"https:\/\/www.fontedizeno.com\/wp-content\/uploads\/gallery_babbo_natale_06.jpg\" class=\"attachment-full size-full\" alt=\"Camere Fonte di Zeno\" srcset=\"https:\/\/www.fontedizeno.com\/wp-content\/uploads\/gallery_babbo_natale_06-200x133.jpg 200w, https:\/\/www.fontedizeno.com\/wp-content\/uploads\/gallery_babbo_natale_06-400x267.jpg 400w, https:\/\/www.fontedizeno.com\/wp-content\/uploads\/gallery_babbo_natale_06-600x400.jpg 600w, https:\/\/www.fontedizeno.com\/wp-content\/uploads\/gallery_babbo_natale_06-800x533.jpg 800w, https:\/\/www.fontedizeno.com\/wp-content\/uploads\/gallery_babbo_natale_06.jpg 1200w\" sizes=\"(min-width: 2200px) 100vw, (min-width: 915px) 283px, (min-width: 824px) 377px, (min-width: 732px) 566px, (min-width: 640px) 732px, \" \/><\/a><\/div><\/div><\/div><div class=\"swiper-slide\"><div class=\"fusion-carousel-item-wrapper\"><div class=\"fusion-image-wrapper hover-type-zoomin\"><a data-rel=\"iLightbox[image_carousel_1]\" data-title=\"gallery_babbo_natale_05\" aria-label=\"gallery_babbo_natale_05\" href=\"https:\/\/www.fontedizeno.com\/wp-content\/uploads\/gallery_babbo_natale_05.jpg\" target=\"_self\"><img decoding=\"async\" width=\"1200\" height=\"800\" src=\"https:\/\/www.fontedizeno.com\/wp-content\/uploads\/gallery_babbo_natale_05.jpg\" class=\"attachment-full size-full\" alt=\"Camere Fonte di Zeno\" srcset=\"https:\/\/www.fontedizeno.com\/wp-content\/uploads\/gallery_babbo_natale_05-200x133.jpg 200w, https:\/\/www.fontedizeno.com\/wp-content\/uploads\/gallery_babbo_natale_05-400x267.jpg 400w, https:\/\/www.fontedizeno.com\/wp-content\/uploads\/gallery_babbo_natale_05-600x400.jpg 600w, https:\/\/www.fontedizeno.com\/wp-content\/uploads\/gallery_babbo_natale_05-800x533.jpg 800w, https:\/\/www.fontedizeno.com\/wp-content\/uploads\/gallery_babbo_natale_05.jpg 1200w\" sizes=\"(min-width: 2200px) 100vw, (min-width: 915px) 283px, (min-width: 824px) 377px, (min-width: 732px) 566px, (min-width: 640px) 732px, \" \/><\/a><\/div><\/div><\/div><div class=\"swiper-slide\"><div class=\"fusion-carousel-item-wrapper\"><div class=\"fusion-image-wrapper hover-type-zoomin\"><a data-rel=\"iLightbox[image_carousel_1]\" data-title=\"gallery_babbo_natale_03\" aria-label=\"gallery_babbo_natale_03\" href=\"https:\/\/www.fontedizeno.com\/wp-content\/uploads\/gallery_babbo_natale_03.jpg\" target=\"_self\"><img decoding=\"async\" width=\"1200\" height=\"800\" src=\"https:\/\/www.fontedizeno.com\/wp-content\/uploads\/gallery_babbo_natale_03.jpg\" class=\"attachment-full size-full\" alt=\"Camere Fonte di Zeno\" srcset=\"https:\/\/www.fontedizeno.com\/wp-content\/uploads\/gallery_babbo_natale_03-200x133.jpg 200w, https:\/\/www.fontedizeno.com\/wp-content\/uploads\/gallery_babbo_natale_03-400x267.jpg 400w, https:\/\/www.fontedizeno.com\/wp-content\/uploads\/gallery_babbo_natale_03-600x400.jpg 600w, https:\/\/www.fontedizeno.com\/wp-content\/uploads\/gallery_babbo_natale_03-800x533.jpg 800w, https:\/\/www.fontedizeno.com\/wp-content\/uploads\/gallery_babbo_natale_03.jpg 1200w\" sizes=\"(min-width: 2200px) 100vw, (min-width: 915px) 283px, (min-width: 824px) 377px, (min-width: 732px) 566px, (min-width: 640px) 732px, \" \/><\/a><\/div><\/div><\/div><div class=\"swiper-slide\"><div class=\"fusion-carousel-item-wrapper\"><div class=\"fusion-image-wrapper hover-type-zoomin\"><a data-rel=\"iLightbox[image_carousel_1]\" data-title=\"gallery_babbo_natale_01\" aria-label=\"gallery_babbo_natale_01\" href=\"https:\/\/www.fontedizeno.com\/wp-content\/uploads\/gallery_babbo_natale_01.jpg\" target=\"_self\"><img decoding=\"async\" width=\"1200\" height=\"800\" src=\"https:\/\/www.fontedizeno.com\/wp-content\/uploads\/gallery_babbo_natale_01.jpg\" class=\"attachment-full size-full\" alt=\"Camere Fonte di Zeno\" srcset=\"https:\/\/www.fontedizeno.com\/wp-content\/uploads\/gallery_babbo_natale_01-200x133.jpg 200w, https:\/\/www.fontedizeno.com\/wp-content\/uploads\/gallery_babbo_natale_01-400x267.jpg 400w, https:\/\/www.fontedizeno.com\/wp-content\/uploads\/gallery_babbo_natale_01-600x400.jpg 600w, https:\/\/www.fontedizeno.com\/wp-content\/uploads\/gallery_babbo_natale_01-800x533.jpg 800w, https:\/\/www.fontedizeno.com\/wp-content\/uploads\/gallery_babbo_natale_01.jpg 1200w\" sizes=\"(min-width: 2200px) 100vw, (min-width: 915px) 283px, (min-width: 824px) 377px, (min-width: 732px) 566px, (min-width: 640px) 732px, \" \/><\/a><\/div><\/div><\/div><div class=\"swiper-slide\"><div class=\"fusion-carousel-item-wrapper\"><div class=\"fusion-image-wrapper hover-type-zoomin\"><a data-rel=\"iLightbox[image_carousel_1]\" data-title=\"gallery_babbo_natale_02\" aria-label=\"gallery_babbo_natale_02\" href=\"https:\/\/www.fontedizeno.com\/wp-content\/uploads\/gallery_babbo_natale_02.jpg\" target=\"_self\"><img decoding=\"async\" width=\"1200\" height=\"800\" src=\"https:\/\/www.fontedizeno.com\/wp-content\/uploads\/gallery_babbo_natale_02.jpg\" class=\"attachment-full size-full\" alt=\"Camere Fonte di Zeno\" srcset=\"https:\/\/www.fontedizeno.com\/wp-content\/uploads\/gallery_babbo_natale_02-200x133.jpg 200w, https:\/\/www.fontedizeno.com\/wp-content\/uploads\/gallery_babbo_natale_02-400x267.jpg 400w, https:\/\/www.fontedizeno.com\/wp-content\/uploads\/gallery_babbo_natale_02-600x400.jpg 600w, https:\/\/www.fontedizeno.com\/wp-content\/uploads\/gallery_babbo_natale_02-800x533.jpg 800w, https:\/\/www.fontedizeno.com\/wp-content\/uploads\/gallery_babbo_natale_02.jpg 1200w\" sizes=\"(min-width: 2200px) 100vw, (min-width: 915px) 283px, (min-width: 824px) 377px, (min-width: 732px) 566px, (min-width: 640px) 732px, \" \/><\/a><\/div><\/div><\/div><div class=\"swiper-slide\"><div class=\"fusion-carousel-item-wrapper\"><div class=\"fusion-image-wrapper hover-type-zoomin\"><a data-rel=\"iLightbox[image_carousel_1]\" data-title=\"gallery_babbo_natale_04\" aria-label=\"gallery_babbo_natale_04\" href=\"https:\/\/www.fontedizeno.com\/wp-content\/uploads\/gallery_babbo_natale_04.jpg\" target=\"_self\"><img decoding=\"async\" width=\"1200\" height=\"800\" src=\"https:\/\/www.fontedizeno.com\/wp-content\/uploads\/gallery_babbo_natale_04.jpg\" class=\"attachment-full size-full\" alt=\"Camere Fonte di Zeno\" srcset=\"https:\/\/www.fontedizeno.com\/wp-content\/uploads\/gallery_babbo_natale_04-200x133.jpg 200w, https:\/\/www.fontedizeno.com\/wp-content\/uploads\/gallery_babbo_natale_04-400x267.jpg 400w, https:\/\/www.fontedizeno.com\/wp-content\/uploads\/gallery_babbo_natale_04-600x400.jpg 600w, https:\/\/www.fontedizeno.com\/wp-content\/uploads\/gallery_babbo_natale_04-800x533.jpg 800w, https:\/\/www.fontedizeno.com\/wp-content\/uploads\/gallery_babbo_natale_04.jpg 1200w\" sizes=\"(min-width: 2200px) 100vw, (min-width: 915px) 283px, (min-width: 824px) 377px, (min-width: 732px) 566px, (min-width: 640px) 732px, \" \/><\/a><\/div><\/div><\/div><div class=\"swiper-slide\"><div class=\"fusion-carousel-item-wrapper\"><div class=\"fusion-image-wrapper hover-type-zoomin\"><a data-rel=\"iLightbox[image_carousel_1]\" data-title=\"gallery_babbo_natale_08\" aria-label=\"gallery_babbo_natale_08\" href=\"https:\/\/www.fontedizeno.com\/wp-content\/uploads\/gallery_babbo_natale_08.jpg\" target=\"_self\"><img decoding=\"async\" width=\"1200\" height=\"800\" src=\"https:\/\/www.fontedizeno.com\/wp-content\/uploads\/gallery_babbo_natale_08.jpg\" class=\"attachment-full size-full\" alt=\"Camere Fonte di Zeno\" srcset=\"https:\/\/www.fontedizeno.com\/wp-content\/uploads\/gallery_babbo_natale_08-200x133.jpg 200w, https:\/\/www.fontedizeno.com\/wp-content\/uploads\/gallery_babbo_natale_08-400x267.jpg 400w, https:\/\/www.fontedizeno.com\/wp-content\/uploads\/gallery_babbo_natale_08-600x400.jpg 600w, https:\/\/www.fontedizeno.com\/wp-content\/uploads\/gallery_babbo_natale_08-800x533.jpg 800w, https:\/\/www.fontedizeno.com\/wp-content\/uploads\/gallery_babbo_natale_08.jpg 1200w\" sizes=\"(min-width: 2200px) 100vw, (min-width: 915px) 283px, (min-width: 824px) 377px, (min-width: 732px) 566px, (min-width: 640px) 732px, \" \/><\/a><\/div><\/div><\/div><div class=\"swiper-slide\"><div class=\"fusion-carousel-item-wrapper\"><div class=\"fusion-image-wrapper hover-type-zoomin\"><a data-rel=\"iLightbox[image_carousel_1]\" data-title=\"gallery_babbo_natale_09\" aria-label=\"gallery_babbo_natale_09\" href=\"https:\/\/www.fontedizeno.com\/wp-content\/uploads\/gallery_babbo_natale_09.jpg\" target=\"_self\"><img decoding=\"async\" width=\"1200\" height=\"800\" src=\"https:\/\/www.fontedizeno.com\/wp-content\/uploads\/gallery_babbo_natale_09.jpg\" class=\"attachment-full size-full\" alt=\"Camere Fonte di Zeno\" srcset=\"https:\/\/www.fontedizeno.com\/wp-content\/uploads\/gallery_babbo_natale_09-200x133.jpg 200w, https:\/\/www.fontedizeno.com\/wp-content\/uploads\/gallery_babbo_natale_09-400x267.jpg 400w, https:\/\/www.fontedizeno.com\/wp-content\/uploads\/gallery_babbo_natale_09-600x400.jpg 600w, https:\/\/www.fontedizeno.com\/wp-content\/uploads\/gallery_babbo_natale_09-800x533.jpg 800w, https:\/\/www.fontedizeno.com\/wp-content\/uploads\/gallery_babbo_natale_09.jpg 1200w\" sizes=\"(min-width: 2200px) 100vw, (min-width: 915px) 283px, (min-width: 824px) 377px, (min-width: 732px) 566px, (min-width: 640px) 732px, \" \/><\/a><\/div><\/div><\/div><div class=\"swiper-slide\"><div class=\"fusion-carousel-item-wrapper\"><div class=\"fusion-image-wrapper hover-type-zoomin\"><a data-rel=\"iLightbox[image_carousel_1]\" data-title=\"gallery_babbo_natale_10\" aria-label=\"gallery_babbo_natale_10\" href=\"https:\/\/www.fontedizeno.com\/wp-content\/uploads\/gallery_babbo_natale_10.jpg\" target=\"_self\"><img decoding=\"async\" width=\"1200\" height=\"800\" src=\"https:\/\/www.fontedizeno.com\/wp-content\/uploads\/gallery_babbo_natale_10.jpg\" class=\"attachment-full size-full\" alt=\"Camere Fonte di Zeno\" srcset=\"https:\/\/www.fontedizeno.com\/wp-content\/uploads\/gallery_babbo_natale_10-200x133.jpg 200w, https:\/\/www.fontedizeno.com\/wp-content\/uploads\/gallery_babbo_natale_10-400x267.jpg 400w, https:\/\/www.fontedizeno.com\/wp-content\/uploads\/gallery_babbo_natale_10-600x400.jpg 600w, https:\/\/www.fontedizeno.com\/wp-content\/uploads\/gallery_babbo_natale_10-800x533.jpg 800w, https:\/\/www.fontedizeno.com\/wp-content\/uploads\/gallery_babbo_natale_10.jpg 1200w\" sizes=\"(min-width: 2200px) 100vw, (min-width: 915px) 283px, (min-width: 824px) 377px, (min-width: 732px) 566px, (min-width: 640px) 732px, \" \/><\/a><\/div><\/div><\/div><div class=\"swiper-slide\"><div class=\"fusion-carousel-item-wrapper\"><div class=\"fusion-image-wrapper hover-type-zoomin\"><a data-rel=\"iLightbox[image_carousel_1]\" data-title=\"gallery_babbo_natale_11\" aria-label=\"gallery_babbo_natale_11\" href=\"https:\/\/www.fontedizeno.com\/wp-content\/uploads\/gallery_babbo_natale_11.jpg\" target=\"_self\"><img decoding=\"async\" width=\"1200\" height=\"800\" src=\"https:\/\/www.fontedizeno.com\/wp-content\/uploads\/gallery_babbo_natale_11.jpg\" class=\"attachment-full size-full\" alt=\"Camere Fonte di Zeno\" srcset=\"https:\/\/www.fontedizeno.com\/wp-content\/uploads\/gallery_babbo_natale_11-200x133.jpg 200w, https:\/\/www.fontedizeno.com\/wp-content\/uploads\/gallery_babbo_natale_11-400x267.jpg 400w, https:\/\/www.fontedizeno.com\/wp-content\/uploads\/gallery_babbo_natale_11-600x400.jpg 600w, https:\/\/www.fontedizeno.com\/wp-content\/uploads\/gallery_babbo_natale_11-800x533.jpg 800w, https:\/\/www.fontedizeno.com\/wp-content\/uploads\/gallery_babbo_natale_11.jpg 1200w\" sizes=\"(min-width: 2200px) 100vw, (min-width: 915px) 283px, (min-width: 824px) 377px, (min-width: 732px) 566px, (min-width: 640px) 732px, \" \/><\/a><\/div><\/div><\/div><\/div><div class=\"awb-swiper-button awb-swiper-button-prev\"><i class=\"awb-icon-angle-left\" aria-hidden=\"true\"><\/i><\/div><div class=\"awb-swiper-button awb-swiper-button-next\"><i class=\"awb-icon-angle-right\" aria-hidden=\"true\"><\/i><\/div><\/div><\/div><div class=\"fusion-clearfix\"><\/div><\/div><\/div><\/div><\/div>\n","protected":false},"excerpt":{"rendered":"","protected":false},"author":2,"featured_media":0,"parent":0,"menu_order":8,"comment_status":"closed","ping_status":"closed","template":"","meta":{"footnotes":""},"class_list":["post-2744","page","type-page","status-publish","hentry"],"yoast_head":"<!-- This site is optimized with the Yoast SEO plugin v26.3 - https:\/\/yoast.com\/wordpress\/plugins\/seo\/ -->\n<title>Haus vom Weihnachtsmann - Fonte di Zeno<\/title>\n<meta name=\"robots\" content=\"index, follow, max-snippet:-1, max-image-preview:large, max-video-preview:-1\" \/>\n<link rel=\"canonical\" href=\"https:\/\/www.fontedizeno.com\/de\/haus-vom-weihnachtsmann\/\" \/>\n<meta property=\"og:locale\" content=\"de_DE\" \/>\n<meta property=\"og:type\" content=\"article\" \/>\n<meta property=\"og:title\" content=\"Haus vom Weihnachtsmann - Fonte di Zeno\" \/>\n<meta property=\"og:url\" content=\"https:\/\/www.fontedizeno.com\/de\/haus-vom-weihnachtsmann\/\" \/>\n<meta property=\"og:site_name\" content=\"Fonte di Zeno\" \/>\n<meta property=\"article:publisher\" content=\"https:\/\/www.facebook.com\/fontedizeno\/\" \/>\n<meta property=\"article:modified_time\" content=\"2023-12-22T15:30:08+00:00\" \/>\n<meta name=\"twitter:card\" content=\"summary_large_image\" \/>\n<meta name=\"twitter:label1\" content=\"Gesch\u00e4tzte Lesezeit\" \/>\n\t<meta name=\"twitter:data1\" content=\"5\u00a0Minuten\" \/>\n<script type=\"application\/ld+json\" class=\"yoast-schema-graph\">{\"@context\":\"https:\/\/schema.org\",\"@graph\":[{\"@type\":\"WebPage\",\"@id\":\"https:\/\/www.fontedizeno.com\/de\/haus-vom-weihnachtsmann\/\",\"url\":\"https:\/\/www.fontedizeno.com\/de\/haus-vom-weihnachtsmann\/\",\"name\":\"Haus vom Weihnachtsmann - Fonte di Zeno\",\"isPartOf\":{\"@id\":\"https:\/\/www.fontedizeno.com\/de\/#website\"},\"datePublished\":\"2023-12-15T16:37:55+00:00\",\"dateModified\":\"2023-12-22T15:30:08+00:00\",\"breadcrumb\":{\"@id\":\"https:\/\/www.fontedizeno.com\/de\/haus-vom-weihnachtsmann\/#breadcrumb\"},\"inLanguage\":\"de\",\"potentialAction\":[{\"@type\":\"ReadAction\",\"target\":[\"https:\/\/www.fontedizeno.com\/de\/haus-vom-weihnachtsmann\/\"]}]},{\"@type\":\"BreadcrumbList\",\"@id\":\"https:\/\/www.fontedizeno.com\/de\/haus-vom-weihnachtsmann\/#breadcrumb\",\"itemListElement\":[{\"@type\":\"ListItem\",\"position\":1,\"name\":\"Home\",\"item\":\"https:\/\/www.fontedizeno.com\/de\/\"},{\"@type\":\"ListItem\",\"position\":2,\"name\":\"Haus vom Weihnachtsmann\"}]},{\"@type\":\"WebSite\",\"@id\":\"https:\/\/www.fontedizeno.com\/de\/#website\",\"url\":\"https:\/\/www.fontedizeno.com\/de\/\",\"name\":\"Fonte di Zeno\",\"description\":\"Agriturismo Isola d&#039;Elba\",\"publisher\":{\"@id\":\"https:\/\/www.fontedizeno.com\/de\/#organization\"},\"potentialAction\":[{\"@type\":\"SearchAction\",\"target\":{\"@type\":\"EntryPoint\",\"urlTemplate\":\"https:\/\/www.fontedizeno.com\/de\/?s={search_term_string}\"},\"query-input\":{\"@type\":\"PropertyValueSpecification\",\"valueRequired\":true,\"valueName\":\"search_term_string\"}}],\"inLanguage\":\"de\"},{\"@type\":\"Organization\",\"@id\":\"https:\/\/www.fontedizeno.com\/de\/#organization\",\"name\":\"Fonte di Zeno\",\"url\":\"https:\/\/www.fontedizeno.com\/de\/\",\"logo\":{\"@type\":\"ImageObject\",\"inLanguage\":\"de\",\"@id\":\"https:\/\/www.fontedizeno.com\/de\/#\/schema\/logo\/image\/\",\"url\":\"https:\/\/www.fontedizeno.com\/wp-content\/uploads\/fonte-di-zeno.png\",\"contentUrl\":\"https:\/\/www.fontedizeno.com\/wp-content\/uploads\/fonte-di-zeno.png\",\"width\":293,\"height\":120,\"caption\":\"Fonte di Zeno\"},\"image\":{\"@id\":\"https:\/\/www.fontedizeno.com\/de\/#\/schema\/logo\/image\/\"},\"sameAs\":[\"https:\/\/www.facebook.com\/fontedizeno\/\"]}]}<\/script>\n<!-- \/ Yoast SEO plugin. -->","yoast_head_json":{"title":"Haus vom Weihnachtsmann - Fonte di Zeno","robots":{"index":"index","follow":"follow","max-snippet":"max-snippet:-1","max-image-preview":"max-image-preview:large","max-video-preview":"max-video-preview:-1"},"canonical":"https:\/\/www.fontedizeno.com\/de\/haus-vom-weihnachtsmann\/","og_locale":"de_DE","og_type":"article","og_title":"Haus vom Weihnachtsmann - Fonte di Zeno","og_url":"https:\/\/www.fontedizeno.com\/de\/haus-vom-weihnachtsmann\/","og_site_name":"Fonte di Zeno","article_publisher":"https:\/\/www.facebook.com\/fontedizeno\/","article_modified_time":"2023-12-22T15:30:08+00:00","twitter_card":"summary_large_image","twitter_misc":{"Gesch\u00e4tzte Lesezeit":"5\u00a0Minuten"},"schema":{"@context":"https:\/\/schema.org","@graph":[{"@type":"WebPage","@id":"https:\/\/www.fontedizeno.com\/de\/haus-vom-weihnachtsmann\/","url":"https:\/\/www.fontedizeno.com\/de\/haus-vom-weihnachtsmann\/","name":"Haus vom Weihnachtsmann - Fonte di Zeno","isPartOf":{"@id":"https:\/\/www.fontedizeno.com\/de\/#website"},"datePublished":"2023-12-15T16:37:55+00:00","dateModified":"2023-12-22T15:30:08+00:00","breadcrumb":{"@id":"https:\/\/www.fontedizeno.com\/de\/haus-vom-weihnachtsmann\/#breadcrumb"},"inLanguage":"de","potentialAction":[{"@type":"ReadAction","target":["https:\/\/www.fontedizeno.com\/de\/haus-vom-weihnachtsmann\/"]}]},{"@type":"BreadcrumbList","@id":"https:\/\/www.fontedizeno.com\/de\/haus-vom-weihnachtsmann\/#breadcrumb","itemListElement":[{"@type":"ListItem","position":1,"name":"Home","item":"https:\/\/www.fontedizeno.com\/de\/"},{"@type":"ListItem","position":2,"name":"Haus vom Weihnachtsmann"}]},{"@type":"WebSite","@id":"https:\/\/www.fontedizeno.com\/de\/#website","url":"https:\/\/www.fontedizeno.com\/de\/","name":"Fonte di Zeno","description":"Agriturismo Isola d&#039;Elba","publisher":{"@id":"https:\/\/www.fontedizeno.com\/de\/#organization"},"potentialAction":[{"@type":"SearchAction","target":{"@type":"EntryPoint","urlTemplate":"https:\/\/www.fontedizeno.com\/de\/?s={search_term_string}"},"query-input":{"@type":"PropertyValueSpecification","valueRequired":true,"valueName":"search_term_string"}}],"inLanguage":"de"},{"@type":"Organization","@id":"https:\/\/www.fontedizeno.com\/de\/#organization","name":"Fonte di Zeno","url":"https:\/\/www.fontedizeno.com\/de\/","logo":{"@type":"ImageObject","inLanguage":"de","@id":"https:\/\/www.fontedizeno.com\/de\/#\/schema\/logo\/image\/","url":"https:\/\/www.fontedizeno.com\/wp-content\/uploads\/fonte-di-zeno.png","contentUrl":"https:\/\/www.fontedizeno.com\/wp-content\/uploads\/fonte-di-zeno.png","width":293,"height":120,"caption":"Fonte di Zeno"},"image":{"@id":"https:\/\/www.fontedizeno.com\/de\/#\/schema\/logo\/image\/"},"sameAs":["https:\/\/www.facebook.com\/fontedizeno\/"]}]}},"_links":{"self":[{"href":"https:\/\/www.fontedizeno.com\/de\/wp-json\/wp\/v2\/pages\/2744","targetHints":{"allow":["GET"]}}],"collection":[{"href":"https:\/\/www.fontedizeno.com\/de\/wp-json\/wp\/v2\/pages"}],"about":[{"href":"https:\/\/www.fontedizeno.com\/de\/wp-json\/wp\/v2\/types\/page"}],"author":[{"embeddable":true,"href":"https:\/\/www.fontedizeno.com\/de\/wp-json\/wp\/v2\/users\/2"}],"replies":[{"embeddable":true,"href":"https:\/\/www.fontedizeno.com\/de\/wp-json\/wp\/v2\/comments?post=2744"}],"version-history":[{"count":3,"href":"https:\/\/www.fontedizeno.com\/de\/wp-json\/wp\/v2\/pages\/2744\/revisions"}],"predecessor-version":[{"id":2761,"href":"https:\/\/www.fontedizeno.com\/de\/wp-json\/wp\/v2\/pages\/2744\/revisions\/2761"}],"wp:attachment":[{"href":"https:\/\/www.fontedizeno.com\/de\/wp-json\/wp\/v2\/media?parent=2744"}],"curies":[{"name":"wp","href":"https:\/\/api.w.org\/{rel}","templated":true}]}}