{"id":2653,"date":"2022-12-09T12:32:10","date_gmt":"2022-12-09T11:32:10","guid":{"rendered":"https:\/\/www.fontedizeno.com\/lage\/schmetterlingsgarten\/pandora\/"},"modified":"2022-12-15T12:39:29","modified_gmt":"2022-12-15T11:39:29","slug":"pandora","status":"publish","type":"page","link":"https:\/\/www.fontedizeno.com\/de\/lage\/schmetterlingsgarten\/pandora\/","title":{"rendered":"Pandora"},"content":{"rendered":"<div class=\"fusion-fullwidth fullwidth-box fusion-builder-row-1 nonhundred-percent-fullwidth non-hundred-percent-height-scrolling fusion-equal-height-columns\" style=\"--awb-border-radius-top-left:0px;--awb-border-radius-top-right:0px;--awb-border-radius-bottom-right:0px;--awb-border-radius-bottom-left:0px;--awb-flex-wrap:wrap;\" ><div class=\"fusion-builder-row fusion-row\"><div class=\"fusion-layout-column fusion_builder_column fusion-builder-column-0 fusion_builder_column_1_1 1_1 fusion-one-full fusion-column-first fusion-column-last fusion-column-no-min-height\" style=\"--awb-bg-size:cover;\"><div class=\"fusion-column-wrapper fusion-column-has-shadow fusion-flex-column-wrapper-legacy\"><div class=\"fusion-text fusion-text-1\"><h1 style=\"text-align: center;\">SCHMETTERLINGSGARTEN<\/h1>\n<\/div><div class=\"fusion-sep-clear\"><\/div><div class=\"fusion-separator\" style=\"margin-left: auto;margin-right: auto;margin-top:0px;margin-bottom:30px;width:100%;max-width:170px;\"><div class=\"fusion-separator-border sep-single sep-solid\" style=\"--awb-height:20px;--awb-amount:20px;--awb-sep-color:#000000;border-color:#000000;border-top-width:1px;\"><\/div><\/div><div class=\"fusion-sep-clear\"><\/div><div class=\"fusion-sep-clear\"><\/div><div class=\"fusion-separator fusion-full-width-sep\" style=\"margin-left: auto;margin-right: auto;margin-top:15px;margin-bottom:15px;width:100%;\"><\/div><div class=\"fusion-sep-clear\"><\/div><div class=\"fusion-clearfix\"><\/div><\/div><\/div><div class=\"fusion-layout-column fusion_builder_column fusion-builder-column-1 fusion_builder_column_1_4 1_4 fusion-one-fourth fusion-column-first fusion-column-no-min-height\" style=\"--awb-bg-size:cover;--awb-margin-bottom:0px;width:22%; margin-right: 4%;\"><div class=\"fusion-column-wrapper fusion-flex-column-wrapper-legacy\"><div class=\"fusion-image-element in-legacy-container\" style=\"--awb-liftup-border-radius:5px;--awb-caption-title-font-family:var(--h2_typography-font-family);--awb-caption-title-font-weight:var(--h2_typography-font-weight);--awb-caption-title-font-style:var(--h2_typography-font-style);--awb-caption-title-size:var(--h2_typography-font-size);--awb-caption-title-transform:var(--h2_typography-text-transform);--awb-caption-title-line-height:var(--h2_typography-line-height);--awb-caption-title-letter-spacing:var(--h2_typography-letter-spacing);\"><div class=\"awb-image-frame awb-image-frame-1 imageframe-liftup imageframe-1 fusion-animated\" data-animationType=\"fadeIn\" data-animationDuration=\"0.5\" data-animationOffset=\"bottom-in-view\"><span class=\" fusion-imageframe imageframe-none imageframe-1\" style=\"border:3px solid #016191;border-radius:5px;\"><a href=\"https:\/\/www.fontedizeno.com\/wp-content\/uploads\/farfalle_07.jpg\" class=\"fusion-lightbox\" data-rel=\"iLightbox[403bb324cb63888208a]\" data-title=\"farfalle_07\" title=\"farfalle_07\"><img decoding=\"async\" width=\"300\" height=\"200\" alt=\"Anthocharis cardamines\" src=\"https:\/\/www.fontedizeno.com\/wp-content\/uploads\/farfalle_07-300x200.jpg\" class=\"img-responsive wp-image-2269\" srcset=\"https:\/\/www.fontedizeno.com\/wp-content\/uploads\/farfalle_07-200x133.jpg 200w, https:\/\/www.fontedizeno.com\/wp-content\/uploads\/farfalle_07-400x267.jpg 400w, https:\/\/www.fontedizeno.com\/wp-content\/uploads\/farfalle_07-600x400.jpg 600w, https:\/\/www.fontedizeno.com\/wp-content\/uploads\/farfalle_07-800x533.jpg 800w, https:\/\/www.fontedizeno.com\/wp-content\/uploads\/farfalle_07.jpg 1200w\" sizes=\"(max-width: 800px) 100vw, 400px\" \/><\/a><\/span><\/div><\/div><div class=\"fusion-clearfix\"><\/div><\/div><\/div><div class=\"fusion-layout-column fusion_builder_column fusion-builder-column-2 fusion_builder_column_3_4 3_4 fusion-three-fourth fusion-column-last fusion-column-no-min-height\" style=\"--awb-bg-size:cover;--awb-margin-bottom:0px;width:74%;\"><div class=\"fusion-column-wrapper fusion-flex-column-wrapper-legacy\"><div class=\"fusion-text fusion-text-2\"><h3 class=\"titfarf\">Argynnis\u00a0pandora<\/h3>\n<p><em>Denis &amp; Schifferm\u00fcller, 1775 &#8211; (Pandora oder Kardinal)<\/em><\/p>\n<p>Der Kardinals-Schmetterling ist zweifellos eine der aufregendsten Begegnungen mit den Schmetterlingen des toskanischen Archipels. Ein Schmetterling von bedeutenden Ausma\u00dfen und mit einem besonders langsamen und eleganten Flug, der haupts\u00e4chlich in den zentral-s\u00fcdlichen Regionen verbreitet ist, w\u00e4hrend er im toskanischen Archipel nur auf der Insel Elba und auf Giglio zu beobachten ist, wo er nur eine Generation pro Jahr vollendet. Er liebt es, h\u00e4ufig Lichtungen und Waldr\u00e4nder zu besuchen, wo er von Ende Mai bis den ganzen September fliegt und sich von den gro\u00dfen Bl\u00fctenst\u00e4nden von Korbbl\u00fctlern wie der Distel ern\u00e4hrt. Diese Schmetterlingsart ist leicht zu unterscheiden zwischen den Geschlechtern, da das Weibchen normalerweise gr\u00f6\u00dfer ist und eine deutliche gr\u00fcne F\u00e4rbung der Oberkante beider Fl\u00fcgel aufweist, w\u00e4hrend beim M\u00e4nnchen diese F\u00e4rbung weniger deutlich ist, aber der mittlere Teil der Rippen der vergr\u00f6\u00dferten Vorderfl\u00fcgel f\u00e4llt auf spindelf\u00f6rmig, aufgrund des Vorhandenseins der sogenannten \u201eandrokonialen Schuppen\u201c. Bei geschlossenen Fl\u00fcgeln in Ruhestellung erkennt man die pr\u00e4chtige \u201ekardinalrote\u201c F\u00e4rbung am unteren Rand der Vorderfl\u00fcgel, von der sich einer der gebr\u00e4uchlichen Namen dieser Art ableitet. Die Larve ern\u00e4hrt sich haupts\u00e4chlich von Veilchen.<\/p>\n<\/div><div class=\"fusion-sep-clear\"><\/div><div class=\"fusion-separator fusion-full-width-sep\" style=\"margin-left: auto;margin-right: auto;margin-top:20px;width:100%;max-width:100%;\"><\/div><div class=\"fusion-sep-clear\"><\/div><div class=\"fusion-clearfix\"><\/div><\/div><\/div><div class=\"fusion-layout-column fusion_builder_column fusion-builder-column-3 fusion_builder_column_1_4 1_4 fusion-one-fourth fusion-column-first fusion-column-no-min-height\" style=\"--awb-bg-size:cover;--awb-margin-bottom:0px;width:22%; margin-right: 4%;\"><div class=\"fusion-column-wrapper fusion-flex-column-wrapper-legacy\"><div class=\"fusion-image-element in-legacy-container\" style=\"--awb-liftup-border-radius:5px;--awb-caption-title-font-family:var(--h2_typography-font-family);--awb-caption-title-font-weight:var(--h2_typography-font-weight);--awb-caption-title-font-style:var(--h2_typography-font-style);--awb-caption-title-size:var(--h2_typography-font-size);--awb-caption-title-transform:var(--h2_typography-text-transform);--awb-caption-title-line-height:var(--h2_typography-line-height);--awb-caption-title-letter-spacing:var(--h2_typography-letter-spacing);\"><div class=\"awb-image-frame awb-image-frame-2 imageframe-liftup imageframe-2 fusion-animated\" data-animationType=\"fadeIn\" data-animationDuration=\"0.5\" data-animationOffset=\"bottom-in-view\"><span class=\" fusion-imageframe imageframe-none imageframe-2\" style=\"border:3px solid #016191;border-radius:5px;\"><a href=\"https:\/\/www.fontedizeno.com\/wp-content\/uploads\/farfalle_08.jpg\" class=\"fusion-lightbox\" data-rel=\"iLightbox[fc256a6c127f4946a53]\" data-title=\"farfalle_08\" title=\"farfalle_08\"><img decoding=\"async\" width=\"300\" height=\"200\" alt=\"Anthocharis cardamines\" src=\"https:\/\/www.fontedizeno.com\/wp-content\/uploads\/farfalle_08-300x200.jpg\" class=\"img-responsive wp-image-2272\" srcset=\"https:\/\/www.fontedizeno.com\/wp-content\/uploads\/farfalle_08-200x133.jpg 200w, https:\/\/www.fontedizeno.com\/wp-content\/uploads\/farfalle_08-400x267.jpg 400w, https:\/\/www.fontedizeno.com\/wp-content\/uploads\/farfalle_08-600x400.jpg 600w, https:\/\/www.fontedizeno.com\/wp-content\/uploads\/farfalle_08-800x533.jpg 800w, https:\/\/www.fontedizeno.com\/wp-content\/uploads\/farfalle_08.jpg 1200w\" sizes=\"(max-width: 800px) 100vw, 400px\" \/><\/a><\/span><\/div><\/div><div class=\"fusion-clearfix\"><\/div><\/div><\/div><div class=\"fusion-layout-column fusion_builder_column fusion-builder-column-4 fusion_builder_column_3_4 3_4 fusion-three-fourth fusion-column-last fusion-column-no-min-height\" style=\"--awb-bg-size:cover;--awb-margin-bottom:0px;width:74%;\"><div class=\"fusion-column-wrapper fusion-flex-column-wrapper-legacy\"><div class=\"fusion-text fusion-text-3\"><h3 class=\"titfarf\">Charaxes jasius<\/h3>\n<p><em>Linnaeus, 1767 &#8211; (Erdbeerbaumnymphe)<\/em><\/p>\n<p>Ohne Zweifel der gr\u00f6\u00dfte und spektakul\u00e4rste Schmetterling der gesamten italienischen Fauna. Trotz seiner Gr\u00f6\u00dfe hat er einen ziemlich schnellen Flug, den er haupts\u00e4chlich in der N\u00e4he seiner Ammenpflanze (Erdbeerbaum) ausf\u00fchrt, von der er seinen Namen Erdbeerbaumfalter hat. Das morphologische Merkmal, das diese Art zweifellos unverwechselbar macht, ist das Vorhandensein von 4 Schw\u00e4nzen im hinteren Teil der Fl\u00fcgel, ein einzigartiger Fall bei italienischen Schmetterlingen. Die beiden Geschlechter sind praktisch nicht zu unterscheiden. Er liebt es, die mediterrane Macchia mit Erdbeerb\u00e4umen und Heidekraut zu besuchen, wird von den zuckerhaltigen Substanzen faulender Fr\u00fcchte angezogen und verschm\u00e4ht es nicht, sich dem Menschen zu n\u00e4hern, wenn ihr guter s\u00fc\u00dfer Wein angeboten wird, den er gierig saugt und dann sich mit einem langsamen und &#8222;atemberaubenden&#8220; Flug wieder verabschiedet! Sie kommt auf allen Inseln des toskanischen Archipels vor, au\u00dfer in Montecristo. Die Raupe ern\u00e4hrt sich fast ausschlie\u00dflich von Erdbeerbaumbl\u00e4ttern, wo sie meist eine Art &#8222;Seidenbett&#8220; webt, das sie, wenn sie nicht fressen will, zum Ausruhen nutzt.<\/p>\n<\/div><div class=\"fusion-sep-clear\"><\/div><div class=\"fusion-separator fusion-full-width-sep\" style=\"margin-left: auto;margin-right: auto;margin-top:20px;width:100%;max-width:100%;\"><\/div><div class=\"fusion-sep-clear\"><\/div><div class=\"fusion-clearfix\"><\/div><\/div><\/div><div class=\"fusion-layout-column fusion_builder_column fusion-builder-column-5 fusion_builder_column_1_4 1_4 fusion-one-fourth fusion-column-first fusion-column-no-min-height\" style=\"--awb-bg-size:cover;--awb-margin-bottom:0px;width:22%; margin-right: 4%;\"><div class=\"fusion-column-wrapper fusion-flex-column-wrapper-legacy\"><div class=\"fusion-image-element in-legacy-container\" style=\"--awb-liftup-border-radius:5px;--awb-caption-title-font-family:var(--h2_typography-font-family);--awb-caption-title-font-weight:var(--h2_typography-font-weight);--awb-caption-title-font-style:var(--h2_typography-font-style);--awb-caption-title-size:var(--h2_typography-font-size);--awb-caption-title-transform:var(--h2_typography-text-transform);--awb-caption-title-line-height:var(--h2_typography-line-height);--awb-caption-title-letter-spacing:var(--h2_typography-letter-spacing);\"><div class=\"awb-image-frame awb-image-frame-3 imageframe-liftup imageframe-3 fusion-animated\" data-animationType=\"fadeIn\" data-animationDuration=\"0.5\" data-animationOffset=\"bottom-in-view\"><span class=\" fusion-imageframe imageframe-none imageframe-3\" style=\"border:3px solid #016191;border-radius:5px;\"><a href=\"https:\/\/www.fontedizeno.com\/wp-content\/uploads\/farfalle_09.jpg\" class=\"fusion-lightbox\" data-rel=\"iLightbox[bd605bfd866e7779a8c]\" data-title=\"farfalle_09\" title=\"farfalle_09\"><img decoding=\"async\" width=\"300\" height=\"200\" alt=\"Anthocharis cardamines\" src=\"https:\/\/www.fontedizeno.com\/wp-content\/uploads\/farfalle_09-300x200.jpg\" class=\"img-responsive wp-image-2276\" srcset=\"https:\/\/www.fontedizeno.com\/wp-content\/uploads\/farfalle_09-200x133.jpg 200w, https:\/\/www.fontedizeno.com\/wp-content\/uploads\/farfalle_09-400x267.jpg 400w, https:\/\/www.fontedizeno.com\/wp-content\/uploads\/farfalle_09-600x400.jpg 600w, https:\/\/www.fontedizeno.com\/wp-content\/uploads\/farfalle_09-800x533.jpg 800w, https:\/\/www.fontedizeno.com\/wp-content\/uploads\/farfalle_09.jpg 1200w\" sizes=\"(max-width: 800px) 100vw, 400px\" \/><\/a><\/span><\/div><\/div><div class=\"fusion-clearfix\"><\/div><\/div><\/div><div class=\"fusion-layout-column fusion_builder_column fusion-builder-column-6 fusion_builder_column_3_4 3_4 fusion-three-fourth fusion-column-last fusion-column-no-min-height\" style=\"--awb-bg-size:cover;--awb-margin-bottom:0px;width:74%;\"><div class=\"fusion-column-wrapper fusion-flex-column-wrapper-legacy\"><div class=\"fusion-text fusion-text-4\"><h3 class=\"titfarf\">Lasiommata megera<\/h3>\n<p><em>Linnaeus, 1767 &#8211; (Megera)<\/em><\/p>\n<p>Beim Mauerfuchs handelt sich um eine mittelgro\u00dfe Art, die sicherlich zu den am weitesten verbreiteten und h\u00e4ufigsten in ganz Italien und Europa zu z\u00e4hlen ist. Im toskanischen Archipel fehlt sie nur in Giannutri und Capraia. Die morphologischen Merkmale, die es erm\u00f6glichen, diese Art fast sofort zu unterscheiden, sind die gleichm\u00e4\u00dfig rotbraune F\u00e4rbung und das Vorhandensein von zwei auff\u00e4lligen schwarzen Augenflecken mit einem wei\u00dfen Fleck in der Mitte, die sich an der Ecke der Oberseite der Vorderfl\u00fcgel befinden. Er ist ein Schmetterling mit einem schnellen und schwankenden Flug, der schattige Umgebungen bevorzugt, mit einer besonderen Vorliebe f\u00fcr Waldwege. Er hat die Angewohnheit, h\u00e4ufig Halt zu machen, um sich in Bereichen aufzuw\u00e4rmen, die von den Sonnenstrahlen beleuchtet werden. Der Mauerfuchs erscheint ab den ersten M\u00e4rztagen bis Ende Oktober und vollendet bis zu 3 Generationen. Die Raupe ern\u00e4hrt sich haupts\u00e4chlich von Gr\u00e4sern.<\/p>\n<\/div><div class=\"fusion-sep-clear\"><\/div><div class=\"fusion-separator fusion-full-width-sep\" style=\"margin-left: auto;margin-right: auto;margin-top:20px;width:100%;max-width:100%;\"><\/div><div class=\"fusion-sep-clear\"><\/div><div class=\"fusion-clearfix\"><\/div><\/div><\/div><\/div><\/div>\n","protected":false},"excerpt":{"rendered":"","protected":false},"author":2,"featured_media":0,"parent":2345,"menu_order":1,"comment_status":"closed","ping_status":"closed","template":"","meta":{"footnotes":""},"class_list":["post-2653","page","type-page","status-publish","hentry"],"yoast_head":"<!-- This site is optimized with the Yoast SEO plugin v26.3 - https:\/\/yoast.com\/wordpress\/plugins\/seo\/ -->\n<title>Pandora - B&amp;B Fonte di Zeno, Marciana, Insel Elba<\/title>\n<meta name=\"robots\" content=\"index, follow, max-snippet:-1, max-image-preview:large, max-video-preview:-1\" \/>\n<link rel=\"canonical\" href=\"https:\/\/www.fontedizeno.com\/de\/lage\/schmetterlingsgarten\/pandora\/\" \/>\n<meta property=\"og:locale\" content=\"de_DE\" \/>\n<meta property=\"og:type\" content=\"article\" \/>\n<meta property=\"og:title\" content=\"Pandora - B&amp;B Fonte di Zeno, Marciana, Insel Elba\" \/>\n<meta property=\"og:url\" content=\"https:\/\/www.fontedizeno.com\/de\/lage\/schmetterlingsgarten\/pandora\/\" \/>\n<meta property=\"og:site_name\" content=\"Fonte di Zeno\" \/>\n<meta property=\"article:publisher\" content=\"https:\/\/www.facebook.com\/fontedizeno\/\" \/>\n<meta property=\"article:modified_time\" content=\"2022-12-15T11:39:29+00:00\" \/>\n<meta name=\"twitter:card\" content=\"summary_large_image\" \/>\n<meta name=\"twitter:label1\" content=\"Gesch\u00e4tzte Lesezeit\" \/>\n\t<meta name=\"twitter:data1\" content=\"11\u00a0Minuten\" \/>\n<script type=\"application\/ld+json\" class=\"yoast-schema-graph\">{\"@context\":\"https:\/\/schema.org\",\"@graph\":[{\"@type\":\"WebPage\",\"@id\":\"https:\/\/www.fontedizeno.com\/de\/lage\/schmetterlingsgarten\/pandora\/\",\"url\":\"https:\/\/www.fontedizeno.com\/de\/lage\/schmetterlingsgarten\/pandora\/\",\"name\":\"Pandora - B&B Fonte di Zeno, Marciana, Insel Elba\",\"isPartOf\":{\"@id\":\"https:\/\/www.fontedizeno.com\/de\/#website\"},\"datePublished\":\"2022-12-09T11:32:10+00:00\",\"dateModified\":\"2022-12-15T11:39:29+00:00\",\"breadcrumb\":{\"@id\":\"https:\/\/www.fontedizeno.com\/de\/lage\/schmetterlingsgarten\/pandora\/#breadcrumb\"},\"inLanguage\":\"de\",\"potentialAction\":[{\"@type\":\"ReadAction\",\"target\":[\"https:\/\/www.fontedizeno.com\/de\/lage\/schmetterlingsgarten\/pandora\/\"]}]},{\"@type\":\"BreadcrumbList\",\"@id\":\"https:\/\/www.fontedizeno.com\/de\/lage\/schmetterlingsgarten\/pandora\/#breadcrumb\",\"itemListElement\":[{\"@type\":\"ListItem\",\"position\":1,\"name\":\"Home\",\"item\":\"https:\/\/www.fontedizeno.com\/de\/\"},{\"@type\":\"ListItem\",\"position\":2,\"name\":\"Lage\",\"item\":\"https:\/\/www.fontedizeno.com\/de\/lage\/\"},{\"@type\":\"ListItem\",\"position\":3,\"name\":\"Schmetterlingsgarten\",\"item\":\"https:\/\/www.fontedizeno.com\/de\/lage\/schmetterlingsgarten\/\"},{\"@type\":\"ListItem\",\"position\":4,\"name\":\"Pandora\"}]},{\"@type\":\"WebSite\",\"@id\":\"https:\/\/www.fontedizeno.com\/de\/#website\",\"url\":\"https:\/\/www.fontedizeno.com\/de\/\",\"name\":\"Fonte di Zeno\",\"description\":\"Agriturismo Isola d&#039;Elba\",\"publisher\":{\"@id\":\"https:\/\/www.fontedizeno.com\/de\/#organization\"},\"potentialAction\":[{\"@type\":\"SearchAction\",\"target\":{\"@type\":\"EntryPoint\",\"urlTemplate\":\"https:\/\/www.fontedizeno.com\/de\/?s={search_term_string}\"},\"query-input\":{\"@type\":\"PropertyValueSpecification\",\"valueRequired\":true,\"valueName\":\"search_term_string\"}}],\"inLanguage\":\"de\"},{\"@type\":\"Organization\",\"@id\":\"https:\/\/www.fontedizeno.com\/de\/#organization\",\"name\":\"Fonte di Zeno\",\"url\":\"https:\/\/www.fontedizeno.com\/de\/\",\"logo\":{\"@type\":\"ImageObject\",\"inLanguage\":\"de\",\"@id\":\"https:\/\/www.fontedizeno.com\/de\/#\/schema\/logo\/image\/\",\"url\":\"https:\/\/www.fontedizeno.com\/wp-content\/uploads\/fonte-di-zeno.png\",\"contentUrl\":\"https:\/\/www.fontedizeno.com\/wp-content\/uploads\/fonte-di-zeno.png\",\"width\":293,\"height\":120,\"caption\":\"Fonte di Zeno\"},\"image\":{\"@id\":\"https:\/\/www.fontedizeno.com\/de\/#\/schema\/logo\/image\/\"},\"sameAs\":[\"https:\/\/www.facebook.com\/fontedizeno\/\"]}]}<\/script>\n<!-- \/ Yoast SEO plugin. -->","yoast_head_json":{"title":"Pandora - B&B Fonte di Zeno, Marciana, Insel Elba","robots":{"index":"index","follow":"follow","max-snippet":"max-snippet:-1","max-image-preview":"max-image-preview:large","max-video-preview":"max-video-preview:-1"},"canonical":"https:\/\/www.fontedizeno.com\/de\/lage\/schmetterlingsgarten\/pandora\/","og_locale":"de_DE","og_type":"article","og_title":"Pandora - B&B Fonte di Zeno, Marciana, Insel Elba","og_url":"https:\/\/www.fontedizeno.com\/de\/lage\/schmetterlingsgarten\/pandora\/","og_site_name":"Fonte di Zeno","article_publisher":"https:\/\/www.facebook.com\/fontedizeno\/","article_modified_time":"2022-12-15T11:39:29+00:00","twitter_card":"summary_large_image","twitter_misc":{"Gesch\u00e4tzte Lesezeit":"11\u00a0Minuten"},"schema":{"@context":"https:\/\/schema.org","@graph":[{"@type":"WebPage","@id":"https:\/\/www.fontedizeno.com\/de\/lage\/schmetterlingsgarten\/pandora\/","url":"https:\/\/www.fontedizeno.com\/de\/lage\/schmetterlingsgarten\/pandora\/","name":"Pandora - B&B Fonte di Zeno, Marciana, Insel Elba","isPartOf":{"@id":"https:\/\/www.fontedizeno.com\/de\/#website"},"datePublished":"2022-12-09T11:32:10+00:00","dateModified":"2022-12-15T11:39:29+00:00","breadcrumb":{"@id":"https:\/\/www.fontedizeno.com\/de\/lage\/schmetterlingsgarten\/pandora\/#breadcrumb"},"inLanguage":"de","potentialAction":[{"@type":"ReadAction","target":["https:\/\/www.fontedizeno.com\/de\/lage\/schmetterlingsgarten\/pandora\/"]}]},{"@type":"BreadcrumbList","@id":"https:\/\/www.fontedizeno.com\/de\/lage\/schmetterlingsgarten\/pandora\/#breadcrumb","itemListElement":[{"@type":"ListItem","position":1,"name":"Home","item":"https:\/\/www.fontedizeno.com\/de\/"},{"@type":"ListItem","position":2,"name":"Lage","item":"https:\/\/www.fontedizeno.com\/de\/lage\/"},{"@type":"ListItem","position":3,"name":"Schmetterlingsgarten","item":"https:\/\/www.fontedizeno.com\/de\/lage\/schmetterlingsgarten\/"},{"@type":"ListItem","position":4,"name":"Pandora"}]},{"@type":"WebSite","@id":"https:\/\/www.fontedizeno.com\/de\/#website","url":"https:\/\/www.fontedizeno.com\/de\/","name":"Fonte di Zeno","description":"Agriturismo Isola d&#039;Elba","publisher":{"@id":"https:\/\/www.fontedizeno.com\/de\/#organization"},"potentialAction":[{"@type":"SearchAction","target":{"@type":"EntryPoint","urlTemplate":"https:\/\/www.fontedizeno.com\/de\/?s={search_term_string}"},"query-input":{"@type":"PropertyValueSpecification","valueRequired":true,"valueName":"search_term_string"}}],"inLanguage":"de"},{"@type":"Organization","@id":"https:\/\/www.fontedizeno.com\/de\/#organization","name":"Fonte di Zeno","url":"https:\/\/www.fontedizeno.com\/de\/","logo":{"@type":"ImageObject","inLanguage":"de","@id":"https:\/\/www.fontedizeno.com\/de\/#\/schema\/logo\/image\/","url":"https:\/\/www.fontedizeno.com\/wp-content\/uploads\/fonte-di-zeno.png","contentUrl":"https:\/\/www.fontedizeno.com\/wp-content\/uploads\/fonte-di-zeno.png","width":293,"height":120,"caption":"Fonte di Zeno"},"image":{"@id":"https:\/\/www.fontedizeno.com\/de\/#\/schema\/logo\/image\/"},"sameAs":["https:\/\/www.facebook.com\/fontedizeno\/"]}]}},"_links":{"self":[{"href":"https:\/\/www.fontedizeno.com\/de\/wp-json\/wp\/v2\/pages\/2653","targetHints":{"allow":["GET"]}}],"collection":[{"href":"https:\/\/www.fontedizeno.com\/de\/wp-json\/wp\/v2\/pages"}],"about":[{"href":"https:\/\/www.fontedizeno.com\/de\/wp-json\/wp\/v2\/types\/page"}],"author":[{"embeddable":true,"href":"https:\/\/www.fontedizeno.com\/de\/wp-json\/wp\/v2\/users\/2"}],"replies":[{"embeddable":true,"href":"https:\/\/www.fontedizeno.com\/de\/wp-json\/wp\/v2\/comments?post=2653"}],"version-history":[{"count":3,"href":"https:\/\/www.fontedizeno.com\/de\/wp-json\/wp\/v2\/pages\/2653\/revisions"}],"predecessor-version":[{"id":2680,"href":"https:\/\/www.fontedizeno.com\/de\/wp-json\/wp\/v2\/pages\/2653\/revisions\/2680"}],"up":[{"embeddable":true,"href":"https:\/\/www.fontedizeno.com\/de\/wp-json\/wp\/v2\/pages\/2345"}],"wp:attachment":[{"href":"https:\/\/www.fontedizeno.com\/de\/wp-json\/wp\/v2\/media?parent=2653"}],"curies":[{"name":"wp","href":"https:\/\/api.w.org\/{rel}","templated":true}]}}