{"id":1545,"date":"2017-06-07T15:52:51","date_gmt":"2017-06-07T13:52:51","guid":{"rendered":"https:\/\/www.fontedizeno.com\/infos\/contatti\/"},"modified":"2020-07-09T14:42:54","modified_gmt":"2020-07-09T12:42:54","slug":"kontakte","status":"publish","type":"page","link":"https:\/\/www.fontedizeno.com\/de\/infos\/kontakte\/","title":{"rendered":"Kontakte"},"content":{"rendered":"<div class=\"fusion-fullwidth fullwidth-box fusion-builder-row-1 nonhundred-percent-fullwidth non-hundred-percent-height-scrolling\" style=\"--awb-border-radius-top-left:0px;--awb-border-radius-top-right:0px;--awb-border-radius-bottom-right:0px;--awb-border-radius-bottom-left:0px;--awb-flex-wrap:wrap;\" ><div class=\"fusion-builder-row fusion-row\"><div class=\"fusion-layout-column fusion_builder_column fusion-builder-column-0 fusion_builder_column_1_1 1_1 fusion-one-full fusion-column-first fusion-column-last\" style=\"--awb-bg-size:cover;\"><div class=\"fusion-column-wrapper fusion-flex-column-wrapper-legacy\"><div class=\"fusion-text fusion-text-1\"><h1 style=\"text-align: center;\">KONTAKTE<\/h1>\n<\/div><div class=\"fusion-sep-clear\"><\/div><div class=\"fusion-separator\" style=\"margin-left: auto;margin-right: auto;margin-top:0px;margin-bottom:30px;width:100%;max-width:170px;\"><div class=\"fusion-separator-border sep-single sep-solid\" style=\"--awb-height:20px;--awb-amount:20px;--awb-sep-color:#000000;border-color:#000000;border-top-width:1px;\"><\/div><\/div><div class=\"fusion-sep-clear\"><\/div><div class=\"fusion-content-boxes content-boxes columns row fusion-columns-3 fusion-columns-total-3 fusion-content-boxes-1 content-boxes-timeline-horizontal content-left content-boxes-icon-on-top content-boxes-timeline-layout fusion-delayed-animation\" style=\"--awb-backgroundcolor:#016191;--awb-body-color:#ffffff;--awb-title-color:#ffffff;--awb-iconcolor:#ffffff;--awb-hover-accent-color:#00bcd4;--awb-circle-hover-accent-color:#00bcd4;\" data-animation-delay=\"350\" data-animationOffset=\"top-into-view\"><div style=\"--awb-backgroundcolor:#016191;--awb-iconcolor:#ffffff;\" class=\"fusion-column content-box-column content-box-column content-box-column-1 col-lg-4 col-md-4 col-sm-4 fusion-content-box-hover content-box-column-first-in-row\"><div class=\"col content-box-wrapper content-wrapper-background link-area-box icon-hover-animation-none fusion-animated\" data-animationType=\"fadeIn\" data-animationDuration=\"0.25\" data-animationOffset=\"top-into-view\"><div class=\"heading heading-with-icon icon-left\"><div class=\"icon\" style=\"-webkit-animation-duration: 350ms;animation-duration: 350ms;\"><i style=\"border-color:#333333;border-width:0px;background-color:#016191;box-sizing:content-box;height:88px;width:88px;line-height:88px;border-radius:50%;font-size:44px;\" aria-hidden=\"true\" class=\"fontawesome-icon fa-phone fas circle-yes\"><\/i><\/div><h2 class=\"content-box-heading fusion-responsive-typography-calculated\" style=\"--h2_typography-font-size:32px;--fontSize:32;line-height:1.36;\">Telefon<\/h2><\/div><div class=\"fusion-clearfix\"><\/div><div class=\"content-container\">\n<h4 style=\"color: #ffffff; margin-top: 0;\">(+39) 340 3954459<\/h4>\n<\/div><div class=\"content-box-shortcode-timeline\" style=\"border-color:rgba(255,255,255,0);top:79px;-webkit-transition-duration: 350ms;animation-duration: 350ms;\"><\/div><\/div><\/div><div style=\"--awb-backgroundcolor:#016191;--awb-iconcolor:#ffffff;\" class=\"fusion-column content-box-column content-box-column content-box-column-2 col-lg-4 col-md-4 col-sm-4 fusion-content-box-hover \"><div class=\"col content-box-wrapper content-wrapper-background link-area-box icon-hover-animation-none fusion-animated\" data-animationType=\"fadeIn\" data-animationDuration=\"0.25\" data-animationOffset=\"top-into-view\"><div class=\"heading heading-with-icon icon-left\"><div class=\"icon\" style=\"-webkit-animation-duration: 350ms;animation-duration: 350ms;\"><i style=\"border-color:#333333;border-width:0px;background-color:#016191;box-sizing:content-box;height:88px;width:88px;line-height:88px;border-radius:50%;font-size:44px;\" aria-hidden=\"true\" class=\"fontawesome-icon fa-check fas circle-yes\"><\/i><\/div><h2 class=\"content-box-heading fusion-responsive-typography-calculated\" style=\"--h2_typography-font-size:32px;--fontSize:32;line-height:1.36;\">WhatsApp<\/h2><\/div><div class=\"fusion-clearfix\"><\/div><div class=\"content-container\"><a class=\"wa-button\" href=\"https:\/\/api.whatsapp.com\/send?phone=393403954459&l=it\" target=\"_blank\">Contattaci con WhatsApp<\/a><\/div><div class=\"content-box-shortcode-timeline\" style=\"border-color:rgba(255,255,255,0);top:79px;-webkit-transition-duration: 350ms;animation-duration: 350ms;\"><\/div><\/div><\/div><div style=\"--awb-backgroundcolor:#016191;--awb-iconcolor:#ffffff;\" class=\"fusion-column content-box-column content-box-column content-box-column-3 col-lg-4 col-md-4 col-sm-4 fusion-content-box-hover content-box-column-last content-box-column-last-in-row\"><div class=\"col content-box-wrapper content-wrapper-background link-area-box icon-hover-animation-none fusion-animated\" data-animationType=\"fadeIn\" data-animationDuration=\"0.25\" data-animationOffset=\"top-into-view\"><div class=\"heading heading-with-icon icon-left\"><div class=\"icon\" style=\"-webkit-animation-duration: 350ms;animation-duration: 350ms;\"><i style=\"border-color:#333333;border-width:0px;background-color:#016191;box-sizing:content-box;height:88px;width:88px;line-height:88px;border-radius:50%;font-size:44px;\" aria-hidden=\"true\" class=\"fontawesome-icon fa fa-envelope circle-yes\"><\/i><\/div><h2 class=\"content-box-heading fusion-responsive-typography-calculated\" style=\"--h2_typography-font-size:32px;--fontSize:32;line-height:1.36;\">Email<\/h2><\/div><div class=\"fusion-clearfix\"><\/div><div class=\"content-container\">\n<h4 style=\"color: #ffffff; margin-top: 0;\">info@fontedizeno.com<\/h4>\n<\/div><div class=\"content-box-shortcode-timeline\" style=\"border-color:rgba(255,255,255,0);top:79px;-webkit-transition-duration: 350ms;animation-duration: 350ms;\"><\/div><\/div><\/div><div class=\"fusion-clearfix\"><\/div><\/div><div class=\"fusion-text fusion-text-2\"><h3 style=\"text-align: center;\">Bitte f\u00fcllen Sie die untenstehenden Felder aus, wir werden Ihnen so schnell wie m\u00f6glich antworten. Danke.<\/h3>\n<\/div><div class=\"fusion-clearfix\"><\/div><\/div><\/div><div class=\"fusion-layout-column fusion_builder_column fusion-builder-column-1 fusion_builder_column_1_1 1_1 fusion-one-full fusion-column-first fusion-column-last fusion-column-no-min-height\" style=\"--awb-bg-size:cover;--awb-margin-bottom:0px;\"><div class=\"fusion-column-wrapper fusion-flex-column-wrapper-legacy\"><div class=\"fusion-sep-clear\"><\/div><div class=\"fusion-separator fusion-full-width-sep\" style=\"margin-left: auto;margin-right: auto;margin-top:20px;width:100%;max-width:100%;\"><\/div><div class=\"fusion-sep-clear\"><\/div><div class=\"fusion-clearfix\"><\/div><\/div><\/div><div class=\"fusion-layout-column fusion_builder_column fusion-builder-column-2 fusion_builder_column_1_1 1_1 fusion-one-full fusion-column-first fusion-column-last fusion-column-no-min-height\" style=\"--awb-padding-right:5%;--awb-padding-left:5%;--awb-bg-size:cover;--awb-margin-bottom:0px;\"><div class=\"fusion-column-wrapper fusion-flex-column-wrapper-legacy\"><div class=\"fusion-text fusion-text-3\">\n<div class=\"wpcf7 no-js\" id=\"wpcf7-f1539-o1\" lang=\"en-US\" dir=\"ltr\" data-wpcf7-id=\"1539\">\n<div class=\"screen-reader-response\"><p role=\"status\" aria-live=\"polite\" aria-atomic=\"true\"><\/p> <ul><\/ul><\/div>\n<form action=\"\/de\/wp-json\/wp\/v2\/pages\/1545#wpcf7-f1539-o1\" method=\"post\" class=\"wpcf7-form init\" aria-label=\"Contact form\" novalidate=\"novalidate\" data-status=\"init\">\n<fieldset class=\"hidden-fields-container\"><input type=\"hidden\" name=\"_wpcf7\" value=\"1539\" \/><input type=\"hidden\" name=\"_wpcf7_version\" value=\"6.1.3\" \/><input type=\"hidden\" name=\"_wpcf7_locale\" value=\"en_US\" \/><input type=\"hidden\" name=\"_wpcf7_unit_tag\" value=\"wpcf7-f1539-o1\" \/><input type=\"hidden\" name=\"_wpcf7_container_post\" value=\"0\" \/><input type=\"hidden\" name=\"_wpcf7_posted_data_hash\" value=\"\" \/><input type=\"hidden\" name=\"_wpcf7_recaptcha_response\" value=\"\" \/>\n<\/fieldset>\n<div class=\"fusion-layout-column fusion_builder_column fusion_builder_column_1_2  fusion-one-half fusion-column-first fusion-column-no-min-height 1_2\" style=\"margin-top:0px;margin-bottom:0px;width:48%; margin-right: 4%;\">\n\t<div class=\"fusion-column-wrapper\" style=\"margin-bottom:10px;\">\n\t\t<p><span class=\"wpcf7-form-control-wrap\" data-name=\"nome\"><input size=\"40\" maxlength=\"400\" class=\"wpcf7-form-control wpcf7-text wpcf7-validates-as-required\" aria-required=\"true\" aria-invalid=\"false\" placeholder=\"Name *\" value=\"\" type=\"text\" name=\"nome\" \/><\/span>\n\t\t<\/p>\n\t<\/div>\n<\/div>\n<div class=\"fusion-layout-column fusion_builder_column fusion_builder_column_1_2  fusion-one-half fusion-column-last fusion-column-no-min-height 1_2\" style=\"margin-top:0px;margin-bottom:0px;width:48%;\">\n\t<div class=\"fusion-column-wrapper\" style=\"margin-bottom:10px;\">\n\t\t<p><span class=\"wpcf7-form-control-wrap\" data-name=\"cognome\"><input size=\"40\" maxlength=\"400\" class=\"wpcf7-form-control wpcf7-text wpcf7-validates-as-required\" aria-required=\"true\" aria-invalid=\"false\" placeholder=\"Vorname *\" value=\"\" type=\"text\" name=\"cognome\" \/><\/span>\n\t\t<\/p>\n\t<\/div>\n<\/div>\n<div class=\"fusion-layout-column fusion_builder_column fusion_builder_column_1_2  fusion-one-half fusion-column-first fusion-column-no-min-height 1_2\" style=\"margin-top:0px;margin-bottom:0px;width:48%; margin-right: 4%;\">\n\t<div class=\"fusion-column-wrapper\" style=\"margin-bottom:10px;\">\n\t\t<p><span class=\"wpcf7-form-control-wrap\" data-name=\"mail\"><input size=\"40\" maxlength=\"400\" class=\"wpcf7-form-control wpcf7-email wpcf7-validates-as-required wpcf7-text wpcf7-validates-as-email\" aria-required=\"true\" aria-invalid=\"false\" placeholder=\"Email *\" value=\"\" type=\"email\" name=\"mail\" \/><\/span>\n\t\t<\/p>\n\t<\/div>\n<\/div>\n<div class=\"fusion-layout-column fusion_builder_column fusion_builder_column_1_2  fusion-one-half fusion-column-last fusion-column-no-min-height 1_2\" style=\"margin-top:0px;margin-bottom:0px;width:48%;\">\n\t<div class=\"fusion-column-wrapper\" style=\"margin-bottom:10px;\">\n\t\t<p><span class=\"wpcf7-form-control-wrap\" data-name=\"telefono\"><input size=\"40\" maxlength=\"400\" class=\"wpcf7-form-control wpcf7-text wpcf7-validates-as-required\" aria-required=\"true\" aria-invalid=\"false\" placeholder=\"Telefon *\" value=\"\" type=\"text\" name=\"telefono\" \/><\/span>\n\t\t<\/p>\n\t<\/div>\n<\/div>\n<div style=\"clear:both; height:20px;\">\n<\/div>\n<div class=\"fusion-layout-column fusion_builder_column fusion_builder_column_1_2  fusion-one-half fusion-column-first fusion-column-no-min-height 1_2\" style=\"margin-top:0px;margin-bottom:0px;width:48%; margin-right: 4%;\">\n\t<div class=\"fusion-column-wrapper\" style=\"margin-bottom:10px;\">\n\t\t<p><span class=\"wpcf7-form-control-wrap\" data-name=\"arrivo\"><input size=\"40\" maxlength=\"400\" class=\"wpcf7-form-control wpcf7-text wpcf7-validates-as-required\" aria-required=\"true\" aria-invalid=\"false\" placeholder=\"Anreisedatum *\" value=\"\" type=\"text\" name=\"arrivo\" \/><\/span>\n\t\t<\/p>\n\t<\/div>\n<\/div>\n<div class=\"fusion-layout-column fusion_builder_column fusion_builder_column_1_2  fusion-one-half fusion-column-last fusion-column-no-min-height 1_2\" style=\"margin-top:0px;margin-bottom:0px;width:48%;\">\n\t<div class=\"fusion-column-wrapper\" style=\"margin-bottom:10px;\">\n\t\t<p><span class=\"wpcf7-form-control-wrap\" data-name=\"partenza\"><input size=\"40\" maxlength=\"400\" class=\"wpcf7-form-control wpcf7-text wpcf7-validates-as-required\" aria-required=\"true\" aria-invalid=\"false\" placeholder=\"Abreisedatum *\" value=\"\" type=\"text\" name=\"partenza\" \/><\/span>\n\t\t<\/p>\n\t<\/div>\n<\/div>\n<div class=\"fusion-layout-column fusion_builder_column fusion_builder_column_1_3  fusion-one-third fusion-column-first fusion-column-no-min-height 1_3\" style=\"margin-top:0px;margin-bottom:0px;width:30.6666%; margin-right: 4%;\">\n\t<div class=\"fusion-column-wrapper\" style=\"margin-bottom:10px;\">\n\t\t<p><span class=\"wpcf7-form-control-wrap\" data-name=\"adulti\"><input class=\"wpcf7-form-control wpcf7-number wpcf7-validates-as-required wpcf7-validates-as-number\" min=\"1\" aria-required=\"true\" aria-invalid=\"false\" placeholder=\"A. der Erwachsenen *\" value=\"\" type=\"number\" name=\"adulti\" \/><\/span>\n\t\t<\/p>\n\t\t<div class=\"fusion-clearfix\">\n\t\t<\/div>\n\t<\/div>\n<\/div>\n<div class=\"fusion-layout-column fusion_builder_column fusion_builder_column_1_3  fusion-one-third fusion-column-no-min-height 1_3\" style=\"margin-top:0px;margin-bottom:0px;width:30.6666%; margin-right: 4%;\">\n\t<div class=\"fusion-column-wrapper\" style=\"margin-bottom:10px;\">\n\t\t<p><span class=\"wpcf7-form-control-wrap\" data-name=\"bambini\"><input class=\"wpcf7-form-control wpcf7-number wpcf7-validates-as-number\" min=\"0\" aria-invalid=\"false\" placeholder=\"A. der Kinder\" value=\"\" type=\"number\" name=\"bambini\" \/><\/span>\n\t\t<\/p>\n\t\t<div class=\"fusion-clearfix\">\n\t\t<\/div>\n\t<\/div>\n<\/div>\n<div class=\"fusion-layout-column fusion_builder_column fusion_builder_column_1_3  fusion-one-third fusion-column-last fusion-column-no-min-height 1_3\" style=\"margin-top:0px;margin-bottom:0px;width:30.6666%\">\n\t<div class=\"fusion-column-wrapper\" style=\"margin-bottom:10px;\">\n\t\t<p><span class=\"wpcf7-form-control-wrap\" data-name=\"eta\"><input size=\"40\" maxlength=\"400\" class=\"wpcf7-form-control wpcf7-text\" aria-invalid=\"false\" placeholder=\"Kinder Alter\" value=\"\" type=\"text\" name=\"eta\" \/><\/span>\n\t\t<\/p>\n\t\t<div class=\"fusion-clearfix\">\n\t\t<\/div>\n\t<\/div>\n<\/div>\n<div style=\"clear:both; height:20px;\">\n<\/div>\n<div style=\"font-size:13px; line-height:15px;\">\n\t<p>Wir informieren Sie, dass die Daten, die Sie zur Verf\u00fcgung stellen, auf computergest\u00fctzte Weise in \u00dcbereinstimmung mit den in der geltenden Datenschutzgesetzgebung (EU-Verordnung Nr. 679 von 2016) festgelegten Grunds\u00e4tzen verarbeitet werden, um die angeforderten Informationen zu liefern und schlie\u00dflich Best\u00e4tigen Sie die Buchung von Zimmern und anderen Dienstleistungen. Die vollst\u00e4ndigen Informationen \u00fcber die Methoden und Zwecke der durchgef\u00fchrten Handlungen sind in den Datenschutzrichtlinien enthalten. Man kann jedoch jederzeit die L\u00f6schung seiner Daten verlangen. Bitte beachten Sie auch, dass Sie, um mit der Verarbeitung personenbezogener Daten einverstanden zu sein, mindestens 16 Jahre alt sein m\u00fcssen.\n\t<\/p>\n<\/div>\n<div>\n\t<p><span class=\"wpcf7-form-control-wrap\" data-name=\"privacy\"><span class=\"wpcf7-form-control wpcf7-acceptance\"><span class=\"wpcf7-list-item\"><input type=\"checkbox\" name=\"privacy\" value=\"1\" aria-invalid=\"false\" \/><\/span><\/span><\/span> Ich best\u00e4tige die oben genannten Informationen.\n\t<\/p>\n<\/div>\n<div style=\"clear:both; height:20px;\">\n<\/div>\n<div>\n\t<p><input class=\"wpcf7-form-control wpcf7-submit has-spinner\" type=\"submit\" value=\"Anfrage senden\" \/>\n\t<\/p>\n<\/div><div class=\"fusion-alert alert custom alert-custom fusion-alert-center wpcf7-response-output fusion-alert-capitalize awb-alert-native-link-color alert-dismissable awb-alert-close-boxed\" style=\"--awb-border-top-left-radius:0px;--awb-border-top-right-radius:0px;--awb-border-bottom-left-radius:0px;--awb-border-bottom-right-radius:0px;\" role=\"alert\"><div class=\"fusion-alert-content-wrapper\"><span class=\"fusion-alert-content\"><\/span><\/div><button type=\"button\" class=\"close toggle-alert\" data-dismiss=\"alert\" aria-label=\"Close\">&times;<\/button><\/div>\n<\/form>\n<\/div>\n\n<\/div><div class=\"fusion-clearfix\"><\/div><\/div><\/div><\/div><\/div>\n","protected":false},"excerpt":{"rendered":"","protected":false},"author":1,"featured_media":0,"parent":1536,"menu_order":1,"comment_status":"closed","ping_status":"closed","template":"100-width.php","meta":{"footnotes":""},"class_list":["post-1545","page","type-page","status-publish","hentry"],"yoast_head":"<!-- This site is optimized with the Yoast SEO plugin v26.3 - https:\/\/yoast.com\/wordpress\/plugins\/seo\/ -->\n<title>Kontakte B&amp;B Fonte di Zeno, Marciana, Insel Elba<\/title>\n<meta name=\"robots\" content=\"index, follow, max-snippet:-1, max-image-preview:large, max-video-preview:-1\" \/>\n<link rel=\"canonical\" href=\"https:\/\/www.fontedizeno.com\/de\/infos\/kontakte\/\" \/>\n<meta property=\"og:locale\" content=\"de_DE\" \/>\n<meta property=\"og:type\" content=\"article\" \/>\n<meta property=\"og:title\" content=\"Kontakte B&amp;B Fonte di Zeno, Marciana, Insel Elba\" \/>\n<meta property=\"og:url\" content=\"https:\/\/www.fontedizeno.com\/de\/infos\/kontakte\/\" \/>\n<meta property=\"og:site_name\" content=\"Fonte di Zeno\" \/>\n<meta property=\"article:publisher\" content=\"https:\/\/www.facebook.com\/fontedizeno\/\" \/>\n<meta property=\"article:modified_time\" content=\"2020-07-09T12:42:54+00:00\" \/>\n<meta name=\"twitter:card\" content=\"summary_large_image\" \/>\n<meta name=\"twitter:label1\" content=\"Gesch\u00e4tzte Lesezeit\" \/>\n\t<meta name=\"twitter:data1\" content=\"3\u00a0Minuten\" \/>\n<script type=\"application\/ld+json\" class=\"yoast-schema-graph\">{\"@context\":\"https:\/\/schema.org\",\"@graph\":[{\"@type\":\"WebPage\",\"@id\":\"https:\/\/www.fontedizeno.com\/de\/infos\/kontakte\/\",\"url\":\"https:\/\/www.fontedizeno.com\/de\/infos\/kontakte\/\",\"name\":\"Kontakte B&B Fonte di Zeno, Marciana, Insel Elba\",\"isPartOf\":{\"@id\":\"https:\/\/www.fontedizeno.com\/de\/#website\"},\"datePublished\":\"2017-06-07T13:52:51+00:00\",\"dateModified\":\"2020-07-09T12:42:54+00:00\",\"breadcrumb\":{\"@id\":\"https:\/\/www.fontedizeno.com\/de\/infos\/kontakte\/#breadcrumb\"},\"inLanguage\":\"de\",\"potentialAction\":[{\"@type\":\"ReadAction\",\"target\":[\"https:\/\/www.fontedizeno.com\/de\/infos\/kontakte\/\"]}]},{\"@type\":\"BreadcrumbList\",\"@id\":\"https:\/\/www.fontedizeno.com\/de\/infos\/kontakte\/#breadcrumb\",\"itemListElement\":[{\"@type\":\"ListItem\",\"position\":1,\"name\":\"Home\",\"item\":\"https:\/\/www.fontedizeno.com\/de\/\"},{\"@type\":\"ListItem\",\"position\":2,\"name\":\"Infos\",\"item\":\"https:\/\/www.fontedizeno.com\/de\/infos\/\"},{\"@type\":\"ListItem\",\"position\":3,\"name\":\"Kontakte\"}]},{\"@type\":\"WebSite\",\"@id\":\"https:\/\/www.fontedizeno.com\/de\/#website\",\"url\":\"https:\/\/www.fontedizeno.com\/de\/\",\"name\":\"Fonte di Zeno\",\"description\":\"Agriturismo Isola d&#039;Elba\",\"publisher\":{\"@id\":\"https:\/\/www.fontedizeno.com\/de\/#organization\"},\"potentialAction\":[{\"@type\":\"SearchAction\",\"target\":{\"@type\":\"EntryPoint\",\"urlTemplate\":\"https:\/\/www.fontedizeno.com\/de\/?s={search_term_string}\"},\"query-input\":{\"@type\":\"PropertyValueSpecification\",\"valueRequired\":true,\"valueName\":\"search_term_string\"}}],\"inLanguage\":\"de\"},{\"@type\":\"Organization\",\"@id\":\"https:\/\/www.fontedizeno.com\/de\/#organization\",\"name\":\"Fonte di Zeno\",\"url\":\"https:\/\/www.fontedizeno.com\/de\/\",\"logo\":{\"@type\":\"ImageObject\",\"inLanguage\":\"de\",\"@id\":\"https:\/\/www.fontedizeno.com\/de\/#\/schema\/logo\/image\/\",\"url\":\"https:\/\/www.fontedizeno.com\/wp-content\/uploads\/fonte-di-zeno.png\",\"contentUrl\":\"https:\/\/www.fontedizeno.com\/wp-content\/uploads\/fonte-di-zeno.png\",\"width\":293,\"height\":120,\"caption\":\"Fonte di Zeno\"},\"image\":{\"@id\":\"https:\/\/www.fontedizeno.com\/de\/#\/schema\/logo\/image\/\"},\"sameAs\":[\"https:\/\/www.facebook.com\/fontedizeno\/\"]}]}<\/script>\n<!-- \/ Yoast SEO plugin. -->","yoast_head_json":{"title":"Kontakte B&B Fonte di Zeno, Marciana, Insel Elba","robots":{"index":"index","follow":"follow","max-snippet":"max-snippet:-1","max-image-preview":"max-image-preview:large","max-video-preview":"max-video-preview:-1"},"canonical":"https:\/\/www.fontedizeno.com\/de\/infos\/kontakte\/","og_locale":"de_DE","og_type":"article","og_title":"Kontakte B&B Fonte di Zeno, Marciana, Insel Elba","og_url":"https:\/\/www.fontedizeno.com\/de\/infos\/kontakte\/","og_site_name":"Fonte di Zeno","article_publisher":"https:\/\/www.facebook.com\/fontedizeno\/","article_modified_time":"2020-07-09T12:42:54+00:00","twitter_card":"summary_large_image","twitter_misc":{"Gesch\u00e4tzte Lesezeit":"3\u00a0Minuten"},"schema":{"@context":"https:\/\/schema.org","@graph":[{"@type":"WebPage","@id":"https:\/\/www.fontedizeno.com\/de\/infos\/kontakte\/","url":"https:\/\/www.fontedizeno.com\/de\/infos\/kontakte\/","name":"Kontakte B&B Fonte di Zeno, Marciana, Insel Elba","isPartOf":{"@id":"https:\/\/www.fontedizeno.com\/de\/#website"},"datePublished":"2017-06-07T13:52:51+00:00","dateModified":"2020-07-09T12:42:54+00:00","breadcrumb":{"@id":"https:\/\/www.fontedizeno.com\/de\/infos\/kontakte\/#breadcrumb"},"inLanguage":"de","potentialAction":[{"@type":"ReadAction","target":["https:\/\/www.fontedizeno.com\/de\/infos\/kontakte\/"]}]},{"@type":"BreadcrumbList","@id":"https:\/\/www.fontedizeno.com\/de\/infos\/kontakte\/#breadcrumb","itemListElement":[{"@type":"ListItem","position":1,"name":"Home","item":"https:\/\/www.fontedizeno.com\/de\/"},{"@type":"ListItem","position":2,"name":"Infos","item":"https:\/\/www.fontedizeno.com\/de\/infos\/"},{"@type":"ListItem","position":3,"name":"Kontakte"}]},{"@type":"WebSite","@id":"https:\/\/www.fontedizeno.com\/de\/#website","url":"https:\/\/www.fontedizeno.com\/de\/","name":"Fonte di Zeno","description":"Agriturismo Isola d&#039;Elba","publisher":{"@id":"https:\/\/www.fontedizeno.com\/de\/#organization"},"potentialAction":[{"@type":"SearchAction","target":{"@type":"EntryPoint","urlTemplate":"https:\/\/www.fontedizeno.com\/de\/?s={search_term_string}"},"query-input":{"@type":"PropertyValueSpecification","valueRequired":true,"valueName":"search_term_string"}}],"inLanguage":"de"},{"@type":"Organization","@id":"https:\/\/www.fontedizeno.com\/de\/#organization","name":"Fonte di Zeno","url":"https:\/\/www.fontedizeno.com\/de\/","logo":{"@type":"ImageObject","inLanguage":"de","@id":"https:\/\/www.fontedizeno.com\/de\/#\/schema\/logo\/image\/","url":"https:\/\/www.fontedizeno.com\/wp-content\/uploads\/fonte-di-zeno.png","contentUrl":"https:\/\/www.fontedizeno.com\/wp-content\/uploads\/fonte-di-zeno.png","width":293,"height":120,"caption":"Fonte di Zeno"},"image":{"@id":"https:\/\/www.fontedizeno.com\/de\/#\/schema\/logo\/image\/"},"sameAs":["https:\/\/www.facebook.com\/fontedizeno\/"]}]}},"_links":{"self":[{"href":"https:\/\/www.fontedizeno.com\/de\/wp-json\/wp\/v2\/pages\/1545","targetHints":{"allow":["GET"]}}],"collection":[{"href":"https:\/\/www.fontedizeno.com\/de\/wp-json\/wp\/v2\/pages"}],"about":[{"href":"https:\/\/www.fontedizeno.com\/de\/wp-json\/wp\/v2\/types\/page"}],"author":[{"embeddable":true,"href":"https:\/\/www.fontedizeno.com\/de\/wp-json\/wp\/v2\/users\/1"}],"replies":[{"embeddable":true,"href":"https:\/\/www.fontedizeno.com\/de\/wp-json\/wp\/v2\/comments?post=1545"}],"version-history":[{"count":5,"href":"https:\/\/www.fontedizeno.com\/de\/wp-json\/wp\/v2\/pages\/1545\/revisions"}],"predecessor-version":[{"id":2450,"href":"https:\/\/www.fontedizeno.com\/de\/wp-json\/wp\/v2\/pages\/1545\/revisions\/2450"}],"up":[{"embeddable":true,"href":"https:\/\/www.fontedizeno.com\/de\/wp-json\/wp\/v2\/pages\/1536"}],"wp:attachment":[{"href":"https:\/\/www.fontedizeno.com\/de\/wp-json\/wp\/v2\/media?parent=1545"}],"curies":[{"name":"wp","href":"https:\/\/api.w.org\/{rel}","templated":true}]}}